{"id":56,"date":"2011-09-08T17:33:04","date_gmt":"2011-09-08T15:33:04","guid":{"rendered":"http:\/\/www.singmit-seukendorf.de\/?page_id=56"},"modified":"2025-04-11T15:39:12","modified_gmt":"2025-04-11T13:39:12","slug":"kontakt","status":"publish","type":"page","link":"http:\/\/www.singmit-seukendorf.de\/?page_id=56","title":{"rendered":"Kontakt"},"content":{"rendered":"\n<p class=\"has-medium-font-size\"><strong>Sie k\u00f6nnen uns gerne spontan fast jeden Mittwoch (au\u00dfer in den Ferien)  im Feuerwehrhaus Seukendorf im 1.OG ab 19:45 &#8211; 20:00 vor der Chorprobe besuchen. <\/strong><br \/><strong>Und keine Angst &#8230; man muss nicht vorsingen.<\/strong><\/p>\n\n\n\n<p class=\"has-text-align-center has-medium-font-size\"><strong>Aufgrund der r\u00e4umlichen Begrenzung des Probenraums ist es uns im Moment leider nicht m\u00f6glich, Frauenstimmen neu aufzunehmen.<\/strong> <\/p>\n\n\n\n<p><\/p>\n\n\n\n<p class=\"has-medium-font-size\">F\u00fcr Anfragen aller Art k\u00f6nnen Sie gerne untenstehende Kontaktformular ausf\u00fcllen<\/p>\n\n\n\n<p><\/p>\n\n\n\n<div class=\"wp-block-contact-form-7-contact-form-selector\">\n<div class=\"wpcf7 no-js\" id=\"wpcf7-f104-o1\" lang=\"en-US\" dir=\"ltr\" data-wpcf7-id=\"104\">\n<div class=\"screen-reader-response\"><p role=\"status\" aria-live=\"polite\" aria-atomic=\"true\"><\/p> <ul><\/ul><\/div>\n<form action=\"\/index.php?rest_route=%2Fwp%2Fv2%2Fpages%2F56#wpcf7-f104-o1\" method=\"post\" class=\"wpcf7-form init\" aria-label=\"Contact form\" novalidate=\"novalidate\" data-status=\"init\">\n<fieldset class=\"hidden-fields-container\"><input type=\"hidden\" name=\"_wpcf7\" value=\"104\" \/><input type=\"hidden\" name=\"_wpcf7_version\" value=\"6.1.1\" \/><input type=\"hidden\" name=\"_wpcf7_locale\" value=\"en_US\" \/><input type=\"hidden\" name=\"_wpcf7_unit_tag\" value=\"wpcf7-f104-o1\" \/><input type=\"hidden\" name=\"_wpcf7_container_post\" value=\"0\" \/><input type=\"hidden\" name=\"_wpcf7_posted_data_hash\" value=\"\" \/><input type=\"hidden\" name=\"_wpcf7_recaptcha_response\" value=\"\" \/>\n<\/fieldset>\n<p>Ihr Name (Pflichtfeld)\n<\/p>\n<p><span class=\"wpcf7-form-control-wrap\" data-name=\"your-name\"><input size=\"40\" maxlength=\"400\" class=\"wpcf7-form-control wpcf7-text wpcf7-validates-as-required\" aria-required=\"true\" aria-invalid=\"false\" value=\"\" type=\"text\" name=\"your-name\" \/><\/span>\n<\/p>\n<p>Ihre Email Adresse (Pflichtfeld)\n<\/p>\n<p><span class=\"wpcf7-form-control-wrap\" data-name=\"your-email\"><input size=\"40\" maxlength=\"400\" class=\"wpcf7-form-control wpcf7-email wpcf7-validates-as-required wpcf7-text wpcf7-validates-as-email\" aria-required=\"true\" aria-invalid=\"false\" value=\"\" type=\"email\" name=\"your-email\" \/><\/span>\n<\/p>\n<p>Betreff\n<\/p>\n<p><span class=\"wpcf7-form-control-wrap\" data-name=\"your-subject\"><input size=\"40\" maxlength=\"400\" class=\"wpcf7-form-control wpcf7-text wpcf7-validates-as-required\" aria-required=\"true\" aria-invalid=\"false\" value=\"\" type=\"text\" name=\"your-subject\" \/><\/span>\n<\/p>\n<p>Ihre Nachricht\n<\/p>\n<p><span class=\"wpcf7-form-control-wrap\" data-name=\"your-message\"><textarea cols=\"40\" rows=\"10\" maxlength=\"2000\" class=\"wpcf7-form-control wpcf7-textarea\" aria-invalid=\"false\" name=\"your-message\"><\/textarea><\/span>\n<\/p>\n<p><div id=\"cf7sr-69f1569c93c83\" class=\"cf7sr-g-hcaptcha\" data-theme=\"light\" data-size=\"normal\" data-sitekey=\"df2406ca-b1b8-428c-861e-69f67966327a\"><\/div><span class=\"wpcf7-form-control-wrap cf7sr-hcaptcha\" data-name=\"cf7sr-hcaptcha\"><input type=\"hidden\" name=\"cf7sr-hcaptcha\" value=\"\" class=\"wpcf7-form-control\"><\/span>\n<\/p>\n<p><input class=\"wpcf7-form-control wpcf7-submit has-spinner\" type=\"submit\" value=\"Senden\" \/>\n<\/p>\n<p>Hinweis: Die Eingaben in diesem Kontaktformular werden ausschlie\u00dflich an den Vorstand des Gesangvereins gesendet und nicht gespeichert\n<\/p><div class=\"wpcf7-response-output\" aria-hidden=\"true\"><\/div>\n<\/form>\n<\/div>\n<\/div>\n","protected":false},"excerpt":{"rendered":"<p>Sie k\u00f6nnen uns gerne spontan fast jeden Mittwoch (au\u00dfer in den Ferien) im Feuerwehrhaus Seukendorf im 1.OG ab 19:45 &#8211; 20:00 vor der Chorprobe besuchen. Und keine Angst &#8230; man muss nicht vorsingen. Aufgrund der r\u00e4umlichen Begrenzung des Probenraums ist es uns im Moment leider nicht m\u00f6glich, Frauenstimmen neu aufzunehmen. F\u00fcr Anfragen aller Art k\u00f6nnen [&hellip;]<\/p>\n","protected":false},"author":2,"featured_media":0,"parent":0,"menu_order":33,"comment_status":"closed","ping_status":"closed","template":"","meta":{"footnotes":""},"class_list":["post-56","page","type-page","status-publish","hentry"],"_links":{"self":[{"href":"http:\/\/www.singmit-seukendorf.de\/index.php?rest_route=\/wp\/v2\/pages\/56","targetHints":{"allow":["GET"]}}],"collection":[{"href":"http:\/\/www.singmit-seukendorf.de\/index.php?rest_route=\/wp\/v2\/pages"}],"about":[{"href":"http:\/\/www.singmit-seukendorf.de\/index.php?rest_route=\/wp\/v2\/types\/page"}],"author":[{"embeddable":true,"href":"http:\/\/www.singmit-seukendorf.de\/index.php?rest_route=\/wp\/v2\/users\/2"}],"replies":[{"embeddable":true,"href":"http:\/\/www.singmit-seukendorf.de\/index.php?rest_route=%2Fwp%2Fv2%2Fcomments&post=56"}],"version-history":[{"count":10,"href":"http:\/\/www.singmit-seukendorf.de\/index.php?rest_route=\/wp\/v2\/pages\/56\/revisions"}],"predecessor-version":[{"id":725,"href":"http:\/\/www.singmit-seukendorf.de\/index.php?rest_route=\/wp\/v2\/pages\/56\/revisions\/725"}],"wp:attachment":[{"href":"http:\/\/www.singmit-seukendorf.de\/index.php?rest_route=%2Fwp%2Fv2%2Fmedia&parent=56"}],"curies":[{"name":"wp","href":"https:\/\/api.w.org\/{rel}","templated":true}]}}