{"id":463,"date":"2023-05-18T11:17:46","date_gmt":"2023-05-18T09:17:46","guid":{"rendered":"http:\/\/www.singmit-seukendorf.de\/?page_id=463"},"modified":"2026-02-21T14:15:05","modified_gmt":"2026-02-21T13:15:05","slug":"downloads","status":"publish","type":"page","link":"http:\/\/www.singmit-seukendorf.de\/?page_id=463","title":{"rendered":"Downloads"},"content":{"rendered":"\n<p class=\"has-pale-ocean-gradient-background has-background\"><strong>Satzung vom 04.03.2015 <\/strong><br \/><br \/>Jeder Verein braucht eine Satzung, in der wichtige Grundlagen des Vereins festgeschrieben sind. <br \/>Diese gibt es hier zum Download :<br \/><br \/><a href=\"http:\/\/www.singmit-seukendorf.de\/wp-content\/uploads\/2026\/02\/Satzung-04.03.2015.pdf\">Download Satzung<\/a><\/p>\n\n\n\n<p class=\"has-text-align-center has-colibri-color-6-color has-pale-ocean-gradient-background has-text-color has-background\"><strong>Beitrittserkl\u00e4rung vom 01.08.2022<\/strong><br \/><br \/>Wir haben uns sehr \u00fcber den regen Zuspruch und die neuen Mitglieder nach unserem Projektchor gefreut. Danke an alle, die zu uns gekommen sind !!!!<br \/><br \/><strong><em>Aufgrund der begrenzten M\u00f6glichkeiten bei den Proben k\u00f6nnen wir im Moment leider keine neuen aktiven Mitglieder aufnehmen.<\/em><\/strong><br \/><br \/>Sie k\u00f6nnen uns gerne jedoch als passives Mitglied unterst\u00fctzen. F\u00fcllen Sie hierzu bitte die untenstehende Beitrittserkl\u00e4rung aus und senden diese bitte an unsere Kontaktadresse info@singmit-seukendorf.de<\/p>\n\n\n\n<p class=\"has-text-align-center has-colibri-color-6-color has-pale-ocean-gradient-background has-text-color has-background\"><a href=\"http:\/\/www.singmit-seukendorf.de\/wp-content\/uploads\/2023\/05\/Beitrittserklaerung_Stand-01.08.2022.pdf\">Download Beitrittserkl\u00e4rung<\/a>  <\/p>\n\n\n\n<p><\/p>\n","protected":false},"excerpt":{"rendered":"<p>Satzung vom 04.03.2015 Jeder Verein braucht eine Satzung, in der wichtige Grundlagen des Vereins festgeschrieben sind. Diese gibt es hier zum Download : Download Satzung Beitrittserkl\u00e4rung vom 01.08.2022 Wir haben uns sehr \u00fcber den regen Zuspruch und die neuen Mitglieder nach unserem Projektchor gefreut. Danke an alle, die zu uns gekommen sind !!!! Aufgrund der [&hellip;]<\/p>\n","protected":false},"author":6,"featured_media":0,"parent":0,"menu_order":30,"comment_status":"closed","ping_status":"closed","template":"","meta":{"footnotes":""},"class_list":["post-463","page","type-page","status-publish","hentry"],"_links":{"self":[{"href":"http:\/\/www.singmit-seukendorf.de\/index.php?rest_route=\/wp\/v2\/pages\/463","targetHints":{"allow":["GET"]}}],"collection":[{"href":"http:\/\/www.singmit-seukendorf.de\/index.php?rest_route=\/wp\/v2\/pages"}],"about":[{"href":"http:\/\/www.singmit-seukendorf.de\/index.php?rest_route=\/wp\/v2\/types\/page"}],"author":[{"embeddable":true,"href":"http:\/\/www.singmit-seukendorf.de\/index.php?rest_route=\/wp\/v2\/users\/6"}],"replies":[{"embeddable":true,"href":"http:\/\/www.singmit-seukendorf.de\/index.php?rest_route=%2Fwp%2Fv2%2Fcomments&post=463"}],"version-history":[{"count":10,"href":"http:\/\/www.singmit-seukendorf.de\/index.php?rest_route=\/wp\/v2\/pages\/463\/revisions"}],"predecessor-version":[{"id":772,"href":"http:\/\/www.singmit-seukendorf.de\/index.php?rest_route=\/wp\/v2\/pages\/463\/revisions\/772"}],"wp:attachment":[{"href":"http:\/\/www.singmit-seukendorf.de\/index.php?rest_route=%2Fwp%2Fv2%2Fmedia&parent=463"}],"curies":[{"name":"wp","href":"https:\/\/api.w.org\/{rel}","templated":true}]}}