{"id":133,"date":"2011-10-03T10:31:22","date_gmt":"2011-10-03T08:31:22","guid":{"rendered":"http:\/\/www.singmit-seukendorf.de\/?page_id=133"},"modified":"2024-03-23T14:12:58","modified_gmt":"2024-03-23T13:12:58","slug":"allgemeines","status":"publish","type":"page","link":"http:\/\/www.singmit-seukendorf.de\/?page_id=133","title":{"rendered":"Allgemeines"},"content":{"rendered":"<p><strong>Singen h\u00e4lt Jung \u2013 seit mehr als 120 Jahren!<\/strong><\/p>\n<p>Der Gesangverein Seukendorf ist aus der Gesang-Gesellschaft Seukendorf (1894) und dem M\u00e4nnergesangverein Seukendorf (1920) hervorgegangen und f\u00fchrt seit 1967 den Namen Gesangverein Seukendorf.<\/p>\n<p>Von 1967 bis Juli 2022 bereicherte der gemischte Chor das kulturelle und gesellschaftliche Leben in der Gemeinde Seukendorf und gestaltet festliche Gottesdienste der Kirchengemeinde St. Katharina mit.<br \/>1997 wurde wieder ein Kinderchor \u201eins Leben gerufen\u201c. Daraus entwickelten sich in den folgenden Jahren zwei Kinderch\u00f6re und ein Jugendchor.<br \/>Leider mussten wir diese beiden Ch\u00f6re vorerst aussetzen, da sie nicht \u00fcber die ausreichende Anzahl aktiver Mitglieder verf\u00fcgen. Ebenso wurde 2022 die Abteilung des klassischen Gesangsvereins geschlossen.<\/p>\n<p>Auf Initiative des damaligen Vereinsvorstandes Walter Meder wurde im Oktober 2000 mit einem weiteren Chor f\u00fcr Erwachsene gestartet. Seitdem gibt es den<br \/><strong>Pop- und Gospelchor \u201e<em>Rhythm &amp; More<\/em>\u201c<\/strong>.<\/p>\n<p>Um mehr \u00fcber den aktiven Chor zu erfahren, klicken Sie bitte auf die Chorseite in der Navigation.<br \/>Gerne k\u00f6nnen Sie den Verein auch als F\u00f6rderndes Mitglied unterst\u00fctzen..<\/p>\n<p>Gerne k\u00f6nnen Sie dem Verein aber auch als F\u00f6rderndes Mitglied unterst\u00fctzen.<br \/>Vereinsbeitrag pro Jahr:<br \/>Pop- und Gospelchor:\u00a0 \u00a0 \u00a0 \u00a0 \u00a0 \u00a0 \u00a0 \u00a0 \u00a0 \u00a0 \u00a0 \u00a0 \u00a0 \u00a0 \u00a0 \u00a0 \u00a0 \u00a0 \u00a0 \u00a0 \u00a0 \u00a0 \u00a0 \u00a0 \u00a0 \u00a0 \u00a0 43,00 EUR<br \/>Kinder- und Jugendch\u00f6re: \u00a0 \u00a0 \u00a0 \u00a0 \u00a0 \u00a0 \u00a0 \u00a0 \u00a0 \u00a0 \u00a0 \u00a0 \u00a0 \u00a0 \u00a0 \u00a0 \u00a0 \u00a0 \u00a0 \u00a0 \u00a0 \u00a0 28,00 EUR<br \/>F\u00f6rderndes Mitglied: \u00a0 \u00a0 \u00a0 \u00a0 \u00a0 \u00a0 \u00a0 \u00a0 \u00a0 \u00a0 \u00a0 \u00a0 \u00a0 \u00a0 \u00a0 \u00a0 \u00a0 \u00a0 \u00a0 \u00a0 \u00a0 \u00a0 \u00a0 \u00a0 \u00a0 \u00a0 \u00a0 \u00a037,00 EUR<\/p>\n\n\n<p class=\"has-pale-ocean-gradient-background has-background\">Unterlagen hierzu finden Sie im Bereich <a href=\"http:\/\/www.singmit-seukendorf.de\/?page_id=463\">DOWNLOAD<\/a><\/p>\n","protected":false},"excerpt":{"rendered":"<p>Singen h\u00e4lt Jung \u2013 seit mehr als 120 Jahren! Der Gesangverein Seukendorf ist aus der Gesang-Gesellschaft Seukendorf (1894) und dem M\u00e4nnergesangverein Seukendorf (1920) hervorgegangen und f\u00fchrt seit 1967 den Namen Gesangverein Seukendorf. Von 1967 bis Juli 2022 bereicherte der gemischte Chor das kulturelle und gesellschaftliche Leben in der Gemeinde Seukendorf und gestaltet festliche Gottesdienste der [&hellip;]<\/p>\n","protected":false},"author":2,"featured_media":0,"parent":0,"menu_order":10,"comment_status":"closed","ping_status":"closed","template":"","meta":{"footnotes":""},"class_list":["post-133","page","type-page","status-publish","hentry"],"_links":{"self":[{"href":"http:\/\/www.singmit-seukendorf.de\/index.php?rest_route=\/wp\/v2\/pages\/133","targetHints":{"allow":["GET"]}}],"collection":[{"href":"http:\/\/www.singmit-seukendorf.de\/index.php?rest_route=\/wp\/v2\/pages"}],"about":[{"href":"http:\/\/www.singmit-seukendorf.de\/index.php?rest_route=\/wp\/v2\/types\/page"}],"author":[{"embeddable":true,"href":"http:\/\/www.singmit-seukendorf.de\/index.php?rest_route=\/wp\/v2\/users\/2"}],"replies":[{"embeddable":true,"href":"http:\/\/www.singmit-seukendorf.de\/index.php?rest_route=%2Fwp%2Fv2%2Fcomments&post=133"}],"version-history":[{"count":14,"href":"http:\/\/www.singmit-seukendorf.de\/index.php?rest_route=\/wp\/v2\/pages\/133\/revisions"}],"predecessor-version":[{"id":715,"href":"http:\/\/www.singmit-seukendorf.de\/index.php?rest_route=\/wp\/v2\/pages\/133\/revisions\/715"}],"wp:attachment":[{"href":"http:\/\/www.singmit-seukendorf.de\/index.php?rest_route=%2Fwp%2Fv2%2Fmedia&parent=133"}],"curies":[{"name":"wp","href":"https:\/\/api.w.org\/{rel}","templated":true}]}}